{"id":15883,"date":"2024-09-24T11:58:05","date_gmt":"2024-09-24T11:58:05","guid":{"rendered":"https:\/\/www.naturalfruits.es\/?page_id=15883"},"modified":"2024-10-26T12:14:09","modified_gmt":"2024-10-26T12:14:09","slug":"terms-conditions","status":"publish","type":"page","link":"https:\/\/www.naturalfruits.es\/ca\/terms-conditions\/","title":{"rendered":"Terms &amp; Conditions"},"content":{"rendered":"<div data-elementor-type=\"wp-page\" data-elementor-id=\"15883\" class=\"elementor elementor-15883\" data-elementor-post-type=\"page\">\n\t\t\t\t<div data-particle_enable=\"false\" data-particle-mobile-disabled=\"false\" class=\"wd-negative-gap elementor-element elementor-element-762eb49c e-flex e-con-boxed e-con e-parent\" data-id=\"762eb49c\" data-element_type=\"container\" data-settings=\"{&quot;ekit_has_onepagescroll_dot&quot;:&quot;yes&quot;}\">\n\t\t\t\t\t<div class=\"e-con-inner\">\n\t\t\t\t<div class=\"elementor-element elementor-element-69107fe color-scheme-inherit text-left elementor-widget elementor-widget-text-editor\" data-id=\"69107fe\" data-element_type=\"widget\" data-settings=\"{&quot;ekit_we_effect_on&quot;:&quot;none&quot;}\" data-widget_type=\"text-editor.default\">\n\t\t\t\t<div class=\"elementor-widget-container\">\n\t\t\t\t\t\t\t\t\t\n<p><strong>Data d'entrada en vigor: 24\/09\/2024<\/strong><\/p>\n<p><span style=\"font-weight: 400;\">Benvingut al lloc web de Natural Fruits. En accedir o utilitzar els nostres serveis, acceptes complir amb els seg\u00fcents termes i condicions. Si us plau, llegeix-los amb atenci\u00f3.<\/span><\/p>\n<ol>\n<li style=\"font-weight: 400;\" aria-level=\"1\"><strong>Termes Generals<\/strong><span style=\"font-weight: 400;\"><br \/><\/span><span style=\"font-weight: 400;\">En utilitzar el nostre lloc web, acceptes estar subjecte a aquests termes. Si no est\u00e0s d'acord amb alguna part dels termes, no utilitzis els nostres serveis<\/span><\/li>\n<li style=\"font-weight: 400;\" aria-level=\"1\"><strong>Comandes i Pagaments<\/strong><span style=\"font-weight: 400;\"><br \/><\/span><span style=\"font-weight: 400;\">Totes les comandes realitzades al nostre lloc web estan subjectes a disponibilitat.<\/span><span style=\"font-weight: 400;\"><br \/><\/span><span style=\"font-weight: 400;\">El pagament s'ha de realitzar en la seva totalitat en el moment de la compra.<\/span><span style=\"font-weight: 400;\"><br \/><\/span><span style=\"font-weight: 400;\">Acceptem totes les principals targetes de cr\u00e8dit, PayPal i transfer\u00e8ncies banc\u00e0ries.<\/span><\/li>\n<li style=\"font-weight: 400;\" aria-level=\"1\"><strong>Enviaments i lliuraments<\/strong><span style=\"font-weight: 400;\"><br \/><\/span><span style=\"font-weight: 400;\">Oferim lliurament gratu\u00eft a tota Catalunya.<\/span><span style=\"font-weight: 400;\"><br \/><\/span><span style=\"font-weight: 400;\">Els temps de lliurament es programen durant el proc\u00e9s de compra i depenen de la teva ubicaci\u00f3.<\/span><span style=\"font-weight: 400;\"><br \/><\/span><span style=\"font-weight: 400;\">Natural Fruits no es fa responsable dels retards en el lliurament causats per esdeveniments fora del nostre control.<\/span><\/li>\n<li style=\"font-weight: 400;\" aria-level=\"1\"><strong>Devolucions i Reembossaments<\/strong><span style=\"font-weight: 400;\"><br \/><\/span><span style=\"font-weight: 400;\">Si no est\u00e0s satisfet amb la teva comanda, contacta'ns dins de les 24 hores posteriors a la entrega.<\/span><span style=\"font-weight: 400;\"><br \/><\/span><span style=\"font-weight: 400;\">Poden proporcionar-se reembossaments o substitucions per productes danyats o incorrectes.<\/span><\/li>\n<li style=\"font-weight: 400;\" aria-level=\"1\"><strong>Propietat Intel\u00b7lectual<\/strong><span style=\"font-weight: 400;\"><br \/><\/span><span style=\"font-weight: 400;\">Tot el contingut d'aquest lloc web, incloent textos, imatges i logotips, \u00e9s propietat de Natural Fruits i est\u00e0 protegit per les lleis de drets d'autor. No pots utilitzar ni reproduir cap contingut sense el nostre consentiment per escrit.<\/span><\/li>\n<li style=\"font-weight: 400;\" aria-level=\"1\"><strong>Limitaci\u00f3 de Responsabilitat<\/strong><span style=\"font-weight: 400;\"><br \/><\/span><span style=\"font-weight: 400;\">Natural Fruits no \u00e9s responsable de danys indirectes o conseq\u00fcents que sorgeixin de l'\u00fas del nostre lloc web o serveis, incloent, per\u00f2 no limitant-se a, la p\u00e8rdua de beneficis o dades.<\/span><\/li>\n<li style=\"font-weight: 400;\" aria-level=\"1\"><strong>Canvis en els Termes<\/strong><span style=\"font-weight: 400;\"><br \/><\/span><span style=\"font-weight: 400;\">Ens reservem el dret a actualitzar o modificar aquests termes en qualsevol moment. Els canvis es publicaran en aquesta p\u00e0gina, i el teu \u00fas continuat del lloc constitueix l'acceptaci\u00f3 dels termes actualitzats.<\/span><\/li>\n<\/ol>\n<p><span style=\"font-weight: 400;\">Informaci\u00f3 de Contacte<\/span><span style=\"font-weight: 400;\"><br \/><\/span><span style=\"font-weight: 400;\">Per a qualsevol pregunta relacionada amb aquests termes, si us plau contacta'ns a <strong>info@naturalfruits.es.<\/strong><\/span><\/p>\n\t\t\t\t\t\t\t\t<\/div>\n\t\t\t\t<\/div>\n\t\t\t\t\t<\/div>\n\t\t\t\t<\/div>\n\t\t\t\t<\/div>","protected":false},"excerpt":{"rendered":"<p>Fecha de entrada en vigor: 24\/09\/2024 Bienvenido al sitio web de Natural Fruits. Al acceder o utilizar nuestros servicios, aceptas<\/p>","protected":false},"author":1,"featured_media":0,"parent":0,"menu_order":0,"comment_status":"closed","ping_status":"closed","template":"","meta":{"footnotes":""},"class_list":["post-15883","page","type-page","status-publish","hentry"],"_links":{"self":[{"href":"https:\/\/www.naturalfruits.es\/ca\/wp-json\/wp\/v2\/pages\/15883","targetHints":{"allow":["GET"]}}],"collection":[{"href":"https:\/\/www.naturalfruits.es\/ca\/wp-json\/wp\/v2\/pages"}],"about":[{"href":"https:\/\/www.naturalfruits.es\/ca\/wp-json\/wp\/v2\/types\/page"}],"author":[{"embeddable":true,"href":"https:\/\/www.naturalfruits.es\/ca\/wp-json\/wp\/v2\/users\/1"}],"replies":[{"embeddable":true,"href":"https:\/\/www.naturalfruits.es\/ca\/wp-json\/wp\/v2\/comments?post=15883"}],"version-history":[{"count":5,"href":"https:\/\/www.naturalfruits.es\/ca\/wp-json\/wp\/v2\/pages\/15883\/revisions"}],"predecessor-version":[{"id":18005,"href":"https:\/\/www.naturalfruits.es\/ca\/wp-json\/wp\/v2\/pages\/15883\/revisions\/18005"}],"wp:attachment":[{"href":"https:\/\/www.naturalfruits.es\/ca\/wp-json\/wp\/v2\/media?parent=15883"}],"curies":[{"name":"wp","href":"https:\/\/api.w.org\/{rel}","templated":true}]}}