{"id":16387,"date":"2024-09-26T14:23:35","date_gmt":"2024-09-26T14:23:35","guid":{"rendered":"https:\/\/www.naturalfruits.es\/?page_id=16387"},"modified":"2024-10-26T12:05:55","modified_gmt":"2024-10-26T12:05:55","slug":"cookie-policy","status":"publish","type":"page","link":"https:\/\/www.naturalfruits.es\/ca\/cookie-policy\/","title":{"rendered":"Cookie Policy"},"content":{"rendered":"<div data-elementor-type=\"wp-page\" data-elementor-id=\"16387\" class=\"elementor elementor-16387\" data-elementor-post-type=\"page\">\n\t\t\t\t<div data-particle_enable=\"false\" data-particle-mobile-disabled=\"false\" class=\"wd-negative-gap elementor-element elementor-element-5a65d2e e-flex e-con-boxed e-con e-parent\" data-id=\"5a65d2e\" data-element_type=\"container\" data-settings=\"{&quot;ekit_has_onepagescroll_dot&quot;:&quot;yes&quot;}\">\n\t\t\t\t\t<div class=\"e-con-inner\">\n\t\t\t\t<div class=\"elementor-element elementor-element-59bcbf0c color-scheme-inherit text-left elementor-widget elementor-widget-text-editor\" data-id=\"59bcbf0c\" data-element_type=\"widget\" data-settings=\"{&quot;ekit_we_effect_on&quot;:&quot;none&quot;}\" data-widget_type=\"text-editor.default\">\n\t\t\t\t<div class=\"elementor-widget-container\">\n\t\t\t\t\t\t\t\t\t\n<p><span style=\"font-weight: 400;\">Aquest Av\u00eds Legal regula les condicions generals d'acc\u00e9s i \u00fas del lloc web accessible a l'URL https:\/\/naturalfruits.es (d'ara endavant, el lloc web), que NATURAL FRUITS 3010 SL, inscrita al Registre Mercantil de Barcelona Tom 40957, foli 147, fulla b374020, posa a disposici\u00f3 dels usuaris d'Internet.<\/span><\/p>\n<p><span style=\"font-weight: 400;\">L'\u00fas del lloc web implica l'acceptaci\u00f3 plena i sense reserves de totes les disposicions incloses en aquest Av\u00eds Legal. Per tant, l'usuari del lloc web ha de llegir atentament aquest Av\u00eds Legal cada vegada que tingui la intenci\u00f3 d'utilitzar el lloc web, ja que el text pot ser modificat a discreci\u00f3 del propietari del lloc web o a causa de canvis legislatius, jurisprudencials o en la pr\u00e0ctica empresarial.<\/span><\/p>\n<p><strong>1.- Titularitat del lloc web<\/strong><\/p>\n<p><span style=\"font-weight: 400;\">Ra\u00f3 social: NATURAL FRUITS 3010 SL<\/span><\/p>\n<p><span style=\"font-weight: 400;\">Titular: FRANCESC MORENO<\/span><\/p>\n<p><span style=\"font-weight: 400;\">Domicili social: NATURAL FRUITS 3010 SL<\/span><\/p>\n<p><span style=\"font-weight: 400;\">Ciutat: BARCELONA<\/span><\/p>\n<p><span style=\"font-weight: 400;\">Prov\u00edncia: BARCELONA<\/span><\/p>\n<p><span style=\"font-weight: 400;\">Codi Postal: 08040<\/span><\/p>\n<p><span style=\"font-weight: 400;\">CIF\/DNI: B65008039<\/span><\/p>\n<p><span style=\"font-weight: 400;\">Tel\u00e8fon de contacte: 935195222<\/span><\/p>\n<p><span style=\"font-weight: 400;\">Correu electr\u00f2nic: info@naturalfruits.es<\/span><\/p>\n<p><strong>2.- Objecte<\/strong><\/p>\n<p><span style=\"font-weight: 400;\">El lloc web proporciona als usuaris acc\u00e9s a informaci\u00f3 i serveis prestats per NATURAL FRUITS 3010 SL a aquelles persones o organitzacions interessades en els mateixos.<\/span><\/p>\n<p><span style=\"font-weight: 400;\"><strong>3.-<\/strong> Acc\u00e9s i \u00fas del lloc web<\/span><\/p>\n<p><span style=\"font-weight: 400;\"><strong>3.1.-<\/strong> L'acc\u00e9s al lloc web \u00e9s gratu\u00eft per als usuaris.<\/span><\/p>\n<p><span style=\"font-weight: 400;\"><strong>3.2.-<\/strong> En general, no es requereix una subscripci\u00f3 o registre previ dels usuaris.<\/span><\/p>\n<p><strong>4.- Continguts del lloc web<\/strong><\/p>\n<p><span style=\"font-weight: 400;\">L'idioma utilitzat pel titular del lloc web ser\u00e0 el castell\u00e0. NATURAL FRUITS 3010 SL no es responsabilitza per la falta de comprensi\u00f3 o entesa de l'idioma del lloc web per part de l'usuari, ni de les seves conseq\u00fc\u00e8ncies.<\/span><\/p>\n<p><span style=\"font-weight: 400;\">NATURAL FRUITS 3010 SL podr\u00e0 modificar els continguts sense previ av\u00eds, aix\u00ed com eliminar-los i canviar-los dins del lloc web.<\/span><\/p>\n<p><strong>5.- Limitaci\u00f3 de responsabilitat<\/strong><\/p>\n<p><span style=\"font-weight: 400;\">L'acc\u00e9s al lloc web i l'\u00fas no autoritzat de la informaci\u00f3 continguda \u00e9s responsabilitat exclusiva de qui ho realitza. NATURAL FRUITS 3010 SL no ser\u00e0 responsable de les conseq\u00fc\u00e8ncies, danys o perjudicis que poguessin derivar-se d'aquest acc\u00e9s o \u00fas.<\/span><\/p>\n<p><strong>6.- \u00das de tecnologia \"Cookie\"<\/strong><\/p>\n<p><span style=\"font-weight: 400;\">El lloc web utilitza cookies; pots consultar la nostra Pol\u00edtica de Cookies, que respecta la confidencialitat i privacitat de l'usuari en tot moment.<\/span><\/p>\n<p><strong>7.- Propietat intel\u00b7lectual i industrial<\/strong><\/p>\n<p><span style=\"font-weight: 400;\">NATURAL FRUITS 3010 SL \u00e9s titular de tots els drets de propietat industrial i intel\u00b7lectual del lloc web i dels seus continguts.<\/span><\/p>\n<p><strong>8.- Pol\u00edtica de privacitat i protecci\u00f3 de dades<\/strong><\/p>\n<p><span style=\"font-weight: 400;\">Per accedir a alguns dels serveis de NATURAL FRUITS 3010 SL, haur\u00e0s de proporcionar certes dades personals, que seran tractades conforme al Reglament (UE) 2016\/679. Pots exercir els teus drets enviant un correu a <strong>info@naturalfruits.es.<\/strong><\/span><\/p>\n<p><strong>9.- Legislaci\u00f3 aplicable i jurisdicci\u00f3 competent<\/strong><\/p>\n<p><span style=\"font-weight: 400;\">Aquest Av\u00eds Legal es regir\u00e0 per la legislaci\u00f3 espanyola.<\/span><\/p>\n\t\t\t\t\t\t\t\t<\/div>\n\t\t\t\t<\/div>\n\t\t\t\t\t<\/div>\n\t\t\t\t<\/div>\n\t\t\t\t<\/div>","protected":false},"excerpt":{"rendered":"<p>Este Aviso Legal regula las condiciones generales de acceso y uso del sitio web accesible en la URL https:\/\/naturalfruits.es (en<\/p>","protected":false},"author":1,"featured_media":0,"parent":0,"menu_order":0,"comment_status":"closed","ping_status":"closed","template":"","meta":{"footnotes":""},"class_list":["post-16387","page","type-page","status-publish","hentry"],"_links":{"self":[{"href":"https:\/\/www.naturalfruits.es\/ca\/wp-json\/wp\/v2\/pages\/16387","targetHints":{"allow":["GET"]}}],"collection":[{"href":"https:\/\/www.naturalfruits.es\/ca\/wp-json\/wp\/v2\/pages"}],"about":[{"href":"https:\/\/www.naturalfruits.es\/ca\/wp-json\/wp\/v2\/types\/page"}],"author":[{"embeddable":true,"href":"https:\/\/www.naturalfruits.es\/ca\/wp-json\/wp\/v2\/users\/1"}],"replies":[{"embeddable":true,"href":"https:\/\/www.naturalfruits.es\/ca\/wp-json\/wp\/v2\/comments?post=16387"}],"version-history":[{"count":7,"href":"https:\/\/www.naturalfruits.es\/ca\/wp-json\/wp\/v2\/pages\/16387\/revisions"}],"predecessor-version":[{"id":18002,"href":"https:\/\/www.naturalfruits.es\/ca\/wp-json\/wp\/v2\/pages\/16387\/revisions\/18002"}],"wp:attachment":[{"href":"https:\/\/www.naturalfruits.es\/ca\/wp-json\/wp\/v2\/media?parent=16387"}],"curies":[{"name":"wp","href":"https:\/\/api.w.org\/{rel}","templated":true}]}}