{"id":4400,"date":"2021-10-12T15:51:09","date_gmt":"2021-10-12T15:51:09","guid":{"rendered":"http:\/\/dummy.xtemos.com\/woodmart2\/elementor\/?page_id=4400"},"modified":"2025-09-23T12:02:55","modified_gmt":"2025-09-23T12:02:55","slug":"company","status":"publish","type":"page","link":"https:\/\/www.naturalfruits.es\/ca\/company\/","title":{"rendered":"About us"},"content":{"rendered":"<div data-elementor-type=\"wp-page\" data-elementor-id=\"4400\" class=\"elementor elementor-4400\" data-elementor-post-type=\"page\">\n\t\t\t\t<div data-particle_enable=\"false\" data-particle-mobile-disabled=\"false\" class=\"wd-negative-gap elementor-element elementor-element-7c7c544 wd-section-stretch e-flex e-con-boxed elementor-invisible e-con e-parent\" data-id=\"7c7c544\" data-element_type=\"container\" data-settings=\"{&quot;animation&quot;:&quot;bounceInLeft&quot;,&quot;ekit_has_onepagescroll_dot&quot;:&quot;yes&quot;}\">\n\t\t\t\t\t<div class=\"e-con-inner\">\n\t\t<div data-particle_enable=\"false\" data-particle-mobile-disabled=\"false\" class=\"elementor-element elementor-element-e7cb5cd e-con-full e-flex e-con e-child\" data-id=\"e7cb5cd\" data-element_type=\"container\" data-settings=\"{&quot;ekit_has_onepagescroll_dot&quot;:&quot;yes&quot;}\">\n\t\t\t\t<div class=\"elementor-element elementor-element-56aec39 elementor-widget elementor-widget-wd_image_or_svg\" data-id=\"56aec39\" data-element_type=\"widget\" data-settings=\"{&quot;ekit_we_effect_on&quot;:&quot;none&quot;}\" data-widget_type=\"wd_image_or_svg.default\">\n\t\t\t\t<div class=\"elementor-widget-container\">\n\t\t\t\t\t\n\t\t<div class=\"wd-image text-left\">\n\t\t\t\t\t\t\t\t<img fetchpriority=\"high\" decoding=\"async\" width=\"2560\" height=\"1707\" src=\"https:\/\/www.naturalfruits.es\/wp-content\/uploads\/2024\/10\/peter-wendt-r5KSMkyoSc-unsplash-scaled.jpg\" class=\"attachment-full size-full\" alt=\"\" srcset=\"https:\/\/www.naturalfruits.es\/wp-content\/uploads\/2024\/10\/peter-wendt-r5KSMkyoSc-unsplash-scaled.jpg 2560w, https:\/\/www.naturalfruits.es\/wp-content\/uploads\/2024\/10\/peter-wendt-r5KSMkyoSc-unsplash-400x267.jpg 400w, https:\/\/www.naturalfruits.es\/wp-content\/uploads\/2024\/10\/peter-wendt-r5KSMkyoSc-unsplash-1200x800.jpg 1200w, https:\/\/www.naturalfruits.es\/wp-content\/uploads\/2024\/10\/peter-wendt-r5KSMkyoSc-unsplash-768x512.jpg 768w, https:\/\/www.naturalfruits.es\/wp-content\/uploads\/2024\/10\/peter-wendt-r5KSMkyoSc-unsplash-1536x1024.jpg 1536w, https:\/\/www.naturalfruits.es\/wp-content\/uploads\/2024\/10\/peter-wendt-r5KSMkyoSc-unsplash-2048x1365.jpg 2048w\" sizes=\"(max-width: 2560px) 100vw, 2560px\" \/>\t\t\t\t\t<\/div>\n\n\t\t\t\t\t\t<\/div>\n\t\t\t\t<\/div>\n\t\t\t\t<\/div>\n\t\t<div data-particle_enable=\"false\" data-particle-mobile-disabled=\"false\" class=\"elementor-element elementor-element-97d6084 e-con-full e-flex e-con e-child\" data-id=\"97d6084\" data-element_type=\"container\" data-settings=\"{&quot;ekit_has_onepagescroll_dot&quot;:&quot;yes&quot;}\">\n\t\t\t\t<div class=\"elementor-element elementor-element-98d830b wd-width-100 elementor-widget elementor-widget-wd_title\" data-id=\"98d830b\" data-element_type=\"widget\" data-settings=\"{&quot;ekit_we_effect_on&quot;:&quot;none&quot;}\" data-widget_type=\"wd_title.default\">\n\t\t\t\t<div class=\"elementor-widget-container\">\n\t\t\t\t\t\t\t<div class=\"title-wrapper wd-set-mb reset-last-child wd-title-color-primary wd-title-style-default wd-title-size-large text-left\">\n\n\t\t\t\n\t\t\t<div class=\"liner-continer\">\n\t\t\t\t<h4 class=\"woodmart-title-container title wd-fontsize-xxl\">DEL NOSTRE<\/h4> \n\t\t\t\t\t\t\t<\/div>\n\n\t\t\t\t\t\t\t<div class=\"title-after_title reset-last-child wd-fontsize-s\">\n\t\t\t\t\t<p><span style=\"font-weight: 400\">Natural Fruits \u00e9s una empresa jove i din\u00e0mica amb m\u00e9s de vint anys d'experi\u00e8ncia en el sector. Distribu\u00efm di\u00e0riament fruita, verdura i productes de IV gamma arreu de Catalunya, utilitzant la nostra pr\u00f2pia flota de 15 vehicles.\nGr\u00e0cies al nostre comprom\u00eds amb la feina ben feta, hem constru\u00eft una base de clients fidels de diversos sectors, que van des d'hospitals, escoles i resid\u00e8ncies fins a botigues, creuers, establiments per a viatgers, hotels i restaurants.\nDigueu-nos qu\u00e8 necessiteu, i us ho portarem!<\/span><\/p>\t\t\t\t<\/div>\n\t\t\t\t\t<\/div>\n\t\t\t\t\t\t<\/div>\n\t\t\t\t<\/div>\n\t\t\t\t<\/div>\n\t\t\t\t\t<\/div>\n\t\t\t\t<\/div>\n\t\t<div data-particle_enable=\"false\" data-particle-mobile-disabled=\"false\" class=\"wd-negative-gap elementor-element elementor-element-1541fb0 e-flex e-con-boxed e-con e-parent\" data-id=\"1541fb0\" data-element_type=\"container\" data-settings=\"{&quot;ekit_has_onepagescroll_dot&quot;:&quot;yes&quot;}\">\n\t\t\t\t\t<div class=\"e-con-inner\">\n\t\t\t\t<div class=\"elementor-element elementor-element-9b030a1 elementor-widget elementor-widget-heading\" data-id=\"9b030a1\" data-element_type=\"widget\" data-settings=\"{&quot;ekit_we_effect_on&quot;:&quot;none&quot;}\" data-widget_type=\"heading.default\">\n\t\t\t\t<div class=\"elementor-widget-container\">\n\t\t\t\t\t<h2 class=\"elementor-heading-title elementor-size-default\">Sobre nosaltres<\/h2>\t\t\t\t<\/div>\n\t\t\t\t<\/div>\n\t\t\t\t\t<\/div>\n\t\t\t\t<\/div>\n\t\t<div data-particle_enable=\"false\" data-particle-mobile-disabled=\"false\" class=\"wd-negative-gap elementor-element elementor-element-7c00bd7 wd-section-stretch-content color-scheme-light e-flex e-con-boxed e-con e-parent\" data-id=\"7c00bd7\" data-element_type=\"container\" data-settings=\"{&quot;ekit_has_onepagescroll_dot&quot;:&quot;yes&quot;}\">\n\t\t\t\t\t<div class=\"e-con-inner\">\n\t\t\t\t<div class=\"elementor-element elementor-element-482b692 animated-slow wd-width-100 elementor-invisible elementor-widget elementor-widget-wd_title\" data-id=\"482b692\" data-element_type=\"widget\" data-settings=\"{&quot;_animation&quot;:&quot;fadeIn&quot;,&quot;ekit_we_effect_on&quot;:&quot;none&quot;}\" data-widget_type=\"wd_title.default\">\n\t\t\t\t<div class=\"elementor-widget-container\">\n\t\t\t\t\t\t\t<div class=\"title-wrapper wd-set-mb reset-last-child wd-title-color-default wd-title-style-default wd-title-size-large text-center\">\n\n\t\t\t\n\t\t\t<div class=\"liner-continer\">\n\t\t\t\t<h3 class=\"woodmart-title-container title wd-fontsize-xxl\"><\/h3> \n\t\t\t\t\t\t\t<\/div>\n\n\t\t\t\t\t\t\t<div class=\"title-after_title reset-last-child wd-fontsize-s\">\n\t\t\t\t\t<p><span style=\"font-weight: 400\">En <\/span><b>Natural Fruits<\/b><span style=\"font-weight: 400\">fa anys que ens dediquem a oferir fruites i verdures de la m\u00e9s alta qualitat, cultivades amb cura i un ferm comprom\u00eds amb el respecte pel medi ambient. <\/span><span style=\"font-weight: 400\"><br \/><\/span><span style=\"font-weight: 400\">Des dels nostres inicis, hem col\u00b7laborat estretament amb agricultors locals, assegurant productes frescos i de proximitat que arriben a la teva taula en el seu punt \u00f2ptim de sabor i frescor. <\/span><span style=\"font-weight: 400\"><br \/><\/span><span style=\"font-weight: 400\">Amb el temps, hem consolidat una xarxa de distribuci\u00f3 eficient i sostenible, que reflecteix la nostra passi\u00f3 per promoure una alimentaci\u00f3 saludable, accessible i sempre de confian\u00e7a. <\/span><\/p><p>\u00a0<\/p><p>\u00a0<\/p>\t\t\t\t<\/div>\n\t\t\t\t\t<\/div>\n\t\t\t\t\t\t<\/div>\n\t\t\t\t<\/div>\n\t\t\t\t\t<\/div>\n\t\t\t\t<\/div>\n\t\t\t\t\t<script>\n\t\t\t\t(function($) {\n                    \"use strict\";\n\n                    var target = $('.elementor-element-7c00bd7');\n\n                    \n                    var EaelParallaxElement = {\n\n\t\t\t\t\t\tinit: function() {\n\t\t\t\t\t\t\telementorFrontend.hooks.addAction('frontend\/element_ready\/global', EaelParallaxElement.initWidget);\n\t\t\t\t\t\t},\n                        responsiveParallax: function(){\n                            var android = 1,\n                                ios = 1;\n                            switch( true || 1 ){\n                                case android && ios:\n                                    return \/iPad|iPhone|iPod|Android\/;\n                                    break;\n                                case android && ! ios:\n                                    return \/Android\/;\n                                    break;\n                                case ! android && ios:\n                                    return \/iPad|iPhone|iPod\/;\n                                    break;\n                                case ( ! android && ! ios ):\n                                    return null;\n                            }\n                        },\n\t\t\t\t\t\tinitWidget: function( $scope ) {\n\n\t\t\t\t\t\t\ttarget.jarallax({\n\t\t\t\t\t\t\t\ttype: 'scroll',\n\t\t\t\t\t\t\t\tspeed: 1.3,\n\t\t\t\t\t\t\t\tkeepImg: true,\n                                disableParallax: EaelParallaxElement.responsiveParallax(),\n\t\t\t\t\t\t\t});\n\t\t\t\t\t\t}\n\n\t\t\t\t\t};\n\n\t\t\t\t\t$( window ).on('elementor\/frontend\/init', EaelParallaxElement.init);\n\n                    \t\t\t\t}( jQuery ) );\n\t\t\t<\/script>\n\t\t<div data-particle_enable=\"false\" data-particle-mobile-disabled=\"false\" class=\"wd-negative-gap elementor-element elementor-element-c718373 e-flex e-con-boxed e-con e-parent\" data-id=\"c718373\" data-element_type=\"container\" data-settings=\"{&quot;ekit_has_onepagescroll_dot&quot;:&quot;yes&quot;}\">\n\t\t\t\t\t<div class=\"e-con-inner\">\n\t\t\t\t<div class=\"elementor-element elementor-element-b0b5bd2 elementor-widget elementor-widget-heading\" data-id=\"b0b5bd2\" data-element_type=\"widget\" data-settings=\"{&quot;ekit_we_effect_on&quot;:&quot;none&quot;}\" data-widget_type=\"heading.default\">\n\t\t\t\t<div class=\"elementor-widget-container\">\n\t\t\t\t\t<span class=\"elementor-heading-title elementor-size-default\">- El nostre equip dedicat treballa incansablement per oferir-te fruites i verdures fresques d'alta qualitat.<\/span>\t\t\t\t<\/div>\n\t\t\t\t<\/div>\n\t\t\t\t\t<\/div>\n\t\t\t\t<\/div>\n\t\t\t\t<section data-particle_enable=\"false\" data-particle-mobile-disabled=\"false\" class=\"elementor-section elementor-top-section elementor-element elementor-element-5d0e371 elementor-section-full_width wd-section-stretch elementor-section-height-default elementor-section-height-default elementor-invisible\" data-id=\"5d0e371\" data-element_type=\"section\" data-settings=\"{&quot;animation&quot;:&quot;slideInLeft&quot;,&quot;background_background&quot;:&quot;classic&quot;,&quot;ekit_has_onepagescroll_dot&quot;:&quot;yes&quot;}\">\n\t\t\t\t\t\t<div class=\"elementor-container elementor-column-gap-default\">\n\t\t\t\t\t<div class=\"elementor-column elementor-col-100 elementor-top-column elementor-element elementor-element-402f08b\" data-id=\"402f08b\" data-element_type=\"column\" data-settings=\"{&quot;background_background&quot;:&quot;classic&quot;}\">\n\t\t\t<div class=\"elementor-widget-wrap elementor-element-populated\">\n\t\t\t\t\t\t<div class=\"elementor-element elementor-element-6998b2e elementor-widget elementor-widget-shortcode\" data-id=\"6998b2e\" data-element_type=\"widget\" data-settings=\"{&quot;ekit_we_effect_on&quot;:&quot;none&quot;}\" data-widget_type=\"shortcode.default\">\n\t\t\t\t<div class=\"elementor-widget-container\">\n\t\t\t\t\t\t\t<div class=\"elementor-shortcode\">    <style>\n        \/* Import Plenty Custom font *\/\n        @font-face {\n            font-family: \"Plenty Custom\";\n            src: url(\"https:\/\/db.onlinewebfonts.com\/t\/adf101a02edcae9328df1b09b9376159.eot\");\n            src: url(\"https:\/\/db.onlinewebfonts.com\/t\/adf101a02edcae9328df1b09b9376159.eot?#iefix\") format(\"embedded-opentype\"),\n            url(\"https:\/\/db.onlinewebfonts.com\/t\/adf101a02edcae9328df1b09b9376159.woff2\") format(\"woff2\"),\n            url(\"https:\/\/db.onlinewebfonts.com\/t\/adf101a02edcae9328df1b09b9376159.woff\") format(\"woff\"),\n            url(\"https:\/\/db.onlinewebfonts.com\/t\/adf101a02edcae9328df1b09b9376159.ttf\") format(\"truetype\"),\n            url(\"https:\/\/db.onlinewebfonts.com\/t\/adf101a02edcae9328df1b09b9376159.svg#Plenty Custom\") format(\"svg\");\n        }\n\n        \/* Style for FAQ icons *\/\n        .faq-icon {\n             font-size: 20px;\n    margin-left: 10px;\n    width: 20px;\n    height: 20px;\n    font-size: 22px;\n    padding-bottom: 5px;\n    display: flex;\n    align-items: center;\n    justify-content: center;\n    border-radius: 50%;\n    background-color: #E8412D;\n    color: #FFFFFF;\n    transition: transform 0.3s ease, background-color 0.3s ease;\n        }\n\n        \/* Rotate icon when open *\/\n        .custom-faq-section .faq-item.open .faq-icon {\n            content: '-';\n            transform: rotate(180deg); \/* Simulates the minus symbol *\/\n        }\n\n        \/* General FAQ section styling *\/\n        .custom-faq-section {\n            font-family: 'Poppins', sans-serif;\n        }\n\n        .custom-faq-section h2 {\n            font-family: 'Plenty Custom', sans-serif;\n            color: #E8412D; \/* Updated to red *\/\n            font-size: 36px;\n            margin-bottom: 10px;\n            text-align: left;\n        }\n\n        .custom-faq-section .faq-description {\n            color: #322A2A;\n            font-size: 16px;\n            margin-bottom: 20px;\n        }\n\n        .custom-faq-section .faq-item {\n            border-top: 1px solid #E8412D; \/* Updated to red *\/\n            border-bottom: 1px solid #E8412D; \/* Updated to red *\/\n            margin-bottom: 15px;\n        }\n\n        .custom-faq-section .faq-item-title {\n            font-family: 'Plenty Custom', sans-serif;\n            font-size: 20px;\n            cursor: pointer;\n            display: flex;\n            justify-content: space-between;\n            padding: 10px 0;\n            color: #E8412D; \/* Updated to red *\/\n        }\n\n        .custom-faq-section .faq-item-content {\n            display: none;\n            padding: 10px 0;\n            color: #322A2A;\n            font-family: 'Poppins', sans-serif;\n            font-size: 16px;\n        }\n\n        .custom-faq-section .faq-item.open .faq-item-content {\n            display: block;\n        }\n\n    <\/style>\n\n    <div class=\"custom-faq-section\">\n        <h2>Preguntes Freq\u00fcents<\/h2>\n        <p class=\"faq-description\">Troba respostes a preguntes comunes sobre els nostres serveis, opcions de lliurament i com garantim productes frescos.<\/p>\n\n        <div class=\"faq-item\">\n            <div class=\"faq-item-title\">\n                <span>Quins serveis oferiu?<\/span>\n                <span class=\"faq-icon\">+<\/span>\n            <\/div>\n            <div class=\"faq-item-content\">\n                <p>Servimos a grandes colectividades, restaurantes, hospitales, guarder\u00edas y colegios.<\/p>\n            <\/div>\n        <\/div>\n\n\n        <div class=\"faq-item\">\n            <div class=\"faq-item-title\">\n                <span>Quant temps triguen a arribar les comandes?<\/span>\n                <span class=\"faq-icon\">+<\/span>\n            <\/div>\n            <div class=\"faq-item-content\">\n                <p>Les comandes s'entreguen l'endem\u00e0 o el dia seg\u00fcent dels dies de lliurament que s'hagin acordat amb el client.<\/p>\n            <\/div>\n        <\/div>\n\t\t\n\t\t <div class=\"faq-item\">\n            <div class=\"faq-item-title\">\n                <span>Qu\u00e8 faig si rebo un producte en mal estat?<\/span>\n                <span class=\"faq-icon\">+<\/span>\n            <\/div>\n            <div class=\"faq-item-content\">\n                <p>A Natural Fruits, ens preocupem per la qualitat dels nostres productes. Si reps alguna cosa en mal estat, contacta'ns dins de les primeres 24 hores des de la recepci\u00f3 de la comanda i procedirem a substituir el producte o a fer un abonament corresponent.<\/p>\n            <\/div>\n        <\/div>\n\t\t\n\t\t<div class=\"faq-item\">\n            <div class=\"faq-item-title\">\n                <span>Puc canviar la meva comanda un cop realitzada?<\/span>\n                <span class=\"faq-icon\">+<\/span>\n            <\/div>\n            <div class=\"faq-item-content\">\n                <p>S\u00ed, pots modificar o cancel\u00b7lar la teva comanda sempre que no hagi estat processada. Contacta amb el nostre servei d'atenci\u00f3 al client tan aviat com sigui possible per gestionar qualsevol canvi.<\/p>\n            <\/div>\n        <\/div>\n\t\t\n\t\n\n    <\/div>\n\n    <script>\n        \/\/ JavaScript for FAQ toggle functionality\n        document.querySelectorAll('.faq-item-title').forEach(function (item) {\n            item.addEventListener('click', function () {\n                var parent = this.parentNode;\n                parent.classList.toggle('open');\n\n                \/\/ Change icon between plus and minus\n                var icon = this.querySelector('.faq-icon');\n                if (parent.classList.contains('open')) {\n                    icon.textContent = '-';\n                } else {\n                    icon.textContent = '+';\n                }\n            });\n        });\n    <\/script>\n    <\/div>\n\t\t\t\t\t\t<\/div>\n\t\t\t\t<\/div>\n\t\t\t\t<section data-particle_enable=\"false\" data-particle-mobile-disabled=\"false\" class=\"wd-negative-gap elementor-section elementor-inner-section elementor-element elementor-element-97dd197 elementor-section-content-middle elementor-section-full_width elementor-section-height-default elementor-section-height-default\" data-id=\"97dd197\" data-element_type=\"section\" data-settings=\"{&quot;ekit_has_onepagescroll_dot&quot;:&quot;yes&quot;}\">\n\t\t\t\t\t\t<div class=\"elementor-container elementor-column-gap-default\">\n\t\t\t\t\t<div class=\"elementor-column elementor-col-50 elementor-inner-column elementor-element elementor-element-657fa73\" data-id=\"657fa73\" data-element_type=\"column\">\n\t\t\t<div class=\"elementor-widget-wrap elementor-element-populated\">\n\t\t\t\t\t\t<div class=\"elementor-element elementor-element-c277af1 elementor-align-justify elementor-button-info elementor-widget elementor-widget-button\" data-id=\"c277af1\" data-element_type=\"widget\" data-settings=\"{&quot;ekit_we_effect_on&quot;:&quot;none&quot;}\" data-widget_type=\"button.default\">\n\t\t\t\t<div class=\"elementor-widget-container\">\n\t\t\t\t\t\t\t\t\t<div class=\"elementor-button-wrapper\">\n\t\t\t\t\t<a class=\"elementor-button elementor-button-link elementor-size-sm\" href=\"\/ca\/contact-us\/\">\n\t\t\t\t\t\t<span class=\"elementor-button-content-wrapper\">\n\t\t\t\t\t\t\t\t\t<span class=\"elementor-button-text\">Contacta'ns<\/span>\n\t\t\t\t\t<\/span>\n\t\t\t\t\t<\/a>\n\t\t\t\t<\/div>\n\t\t\t\t\t\t\t\t<\/div>\n\t\t\t\t<\/div>\n\t\t\t\t\t<\/div>\n\t\t<\/div>\n\t\t\t\t<div class=\"elementor-column elementor-col-50 elementor-inner-column elementor-element elementor-element-356c42a\" data-id=\"356c42a\" data-element_type=\"column\">\n\t\t\t<div class=\"elementor-widget-wrap elementor-element-populated\">\n\t\t\t\t\t\t<div class=\"elementor-element elementor-element-72df0b0 elementor-widget elementor-widget-heading\" data-id=\"72df0b0\" data-element_type=\"widget\" data-settings=\"{&quot;ekit_we_effect_on&quot;:&quot;none&quot;}\" data-widget_type=\"heading.default\">\n\t\t\t\t<div class=\"elementor-widget-container\">\n\t\t\t\t\t<h6 class=\"elementor-heading-title elementor-size-default\"><a href=\"https:\/\/www.naturalfruits.es\/ca\/company\/\">M\u00e1s info<\/a><\/h6>\t\t\t\t<\/div>\n\t\t\t\t<\/div>\n\t\t\t\t\t<\/div>\n\t\t<\/div>\n\t\t\t\t\t<\/div>\n\t\t<\/section>\n\t\t\t\t\t<\/div>\n\t\t<\/div>\n\t\t\t\t\t<\/div>\n\t\t<\/section>\n\t\t\t\t<\/div>","protected":false},"excerpt":{"rendered":"<p>ACERCA DE NOSOTROS Natural Fruits es una empresa joven y din\u00e1mica con m\u00e1s de veinte a\u00f1os de experiencia en el<\/p>","protected":false},"author":1,"featured_media":0,"parent":0,"menu_order":0,"comment_status":"closed","ping_status":"closed","template":"","meta":{"footnotes":""},"class_list":["post-4400","page","type-page","status-publish","hentry"],"_links":{"self":[{"href":"https:\/\/www.naturalfruits.es\/ca\/wp-json\/wp\/v2\/pages\/4400","targetHints":{"allow":["GET"]}}],"collection":[{"href":"https:\/\/www.naturalfruits.es\/ca\/wp-json\/wp\/v2\/pages"}],"about":[{"href":"https:\/\/www.naturalfruits.es\/ca\/wp-json\/wp\/v2\/types\/page"}],"author":[{"embeddable":true,"href":"https:\/\/www.naturalfruits.es\/ca\/wp-json\/wp\/v2\/users\/1"}],"replies":[{"embeddable":true,"href":"https:\/\/www.naturalfruits.es\/ca\/wp-json\/wp\/v2\/comments?post=4400"}],"version-history":[{"count":146,"href":"https:\/\/www.naturalfruits.es\/ca\/wp-json\/wp\/v2\/pages\/4400\/revisions"}],"predecessor-version":[{"id":18088,"href":"https:\/\/www.naturalfruits.es\/ca\/wp-json\/wp\/v2\/pages\/4400\/revisions\/18088"}],"wp:attachment":[{"href":"https:\/\/www.naturalfruits.es\/ca\/wp-json\/wp\/v2\/media?parent=4400"}],"curies":[{"name":"wp","href":"https:\/\/api.w.org\/{rel}","templated":true}]}}